{"id":89078,"date":"2024-07-31T07:21:37","date_gmt":"2024-07-31T03:21:37","guid":{"rendered":"https:\/\/ehstore.az\/product\/qazan-d%c9%99sti-falez-shape-bakir-premium-guvenc-7-prc-8699996626404\/"},"modified":"2024-09-10T12:44:52","modified_gmt":"2024-09-10T08:44:52","slug":"qazan-d%c9%99sti-falez-shape-bakir-premium-guvenc-7-prc-8699996626404","status":"publish","type":"product","link":"https:\/\/ehstore.az\/en\/product\/qazan-d%c9%99sti-falez-shape-bakir-premium-guvenc-7-prc-8699996626404\/","title":{"rendered":"QAZAN D\u018fST\u0130 FALEZ SHAPE BAK\u0130R PREM\u0130UM GUVENC 7 PRC 8699996626404"},"content":{"rendered":"","protected":false},"excerpt":{"rendered":"","protected":false},"featured_media":91363,"comment_status":"open","ping_status":"closed","template":"","meta":[],"product_cat":[3962],"product_tag":[],"class_list":{"0":"post-89078","1":"product","2":"type-product","3":"status-publish","4":"has-post-thumbnail","6":"product_cat-falez-6","8":"first","9":"instock","10":"sale","11":"shipping-taxable","12":"purchasable","13":"product-type-simple"},"_links":{"self":[{"href":"https:\/\/ehstore.az\/en\/wp-json\/wp\/v2\/product\/89078","targetHints":{"allow":["GET"]}}],"collection":[{"href":"https:\/\/ehstore.az\/en\/wp-json\/wp\/v2\/product"}],"about":[{"href":"https:\/\/ehstore.az\/en\/wp-json\/wp\/v2\/types\/product"}],"replies":[{"embeddable":true,"href":"https:\/\/ehstore.az\/en\/wp-json\/wp\/v2\/comments?post=89078"}],"wp:featuredmedia":[{"embeddable":true,"href":"https:\/\/ehstore.az\/en\/wp-json\/wp\/v2\/media\/91363"}],"wp:attachment":[{"href":"https:\/\/ehstore.az\/en\/wp-json\/wp\/v2\/media?parent=89078"}],"wp:term":[{"taxonomy":"product_cat","embeddable":true,"href":"https:\/\/ehstore.az\/en\/wp-json\/wp\/v2\/product_cat?post=89078"},{"taxonomy":"product_tag","embeddable":true,"href":"https:\/\/ehstore.az\/en\/wp-json\/wp\/v2\/product_tag?post=89078"}],"curies":[{"name":"wp","href":"https:\/\/api.w.org\/{rel}","templated":true}]}}