{"id":68322,"date":"2024-02-15T14:56:22","date_gmt":"2024-02-15T10:56:22","guid":{"rendered":"https:\/\/ehstore.az\/product\/fen-rowenta-sf3012-elite-sac-utusu-1830003080\/"},"modified":"2024-09-08T16:09:56","modified_gmt":"2024-09-08T12:09:56","slug":"fen-rowenta-sf3012-elite-sac-utusu-1830003080","status":"publish","type":"product","link":"https:\/\/ehstore.az\/ru\/product\/fen-rowenta-sf3012-elite-sac-utusu-1830003080\/","title":{"rendered":"SA\u00c7 D\u00dcZL\u018f\u015eD\u0130R\u0130C\u0130 ROWENTA SF3012 1830003080"},"content":{"rendered":"","protected":false},"excerpt":{"rendered":"","protected":false},"featured_media":84847,"comment_status":"open","ping_status":"closed","template":"","meta":[],"product_cat":[4008],"product_tag":[],"class_list":{"0":"post-68322","1":"product","2":"type-product","3":"status-publish","4":"has-post-thumbnail","6":"product_cat-rowenta-8","8":"first","9":"instock","10":"sale","11":"shipping-taxable","12":"purchasable","13":"product-type-simple"},"_links":{"self":[{"href":"https:\/\/ehstore.az\/ru\/wp-json\/wp\/v2\/product\/68322","targetHints":{"allow":["GET"]}}],"collection":[{"href":"https:\/\/ehstore.az\/ru\/wp-json\/wp\/v2\/product"}],"about":[{"href":"https:\/\/ehstore.az\/ru\/wp-json\/wp\/v2\/types\/product"}],"replies":[{"embeddable":true,"href":"https:\/\/ehstore.az\/ru\/wp-json\/wp\/v2\/comments?post=68322"}],"wp:featuredmedia":[{"embeddable":true,"href":"https:\/\/ehstore.az\/ru\/wp-json\/wp\/v2\/media\/84847"}],"wp:attachment":[{"href":"https:\/\/ehstore.az\/ru\/wp-json\/wp\/v2\/media?parent=68322"}],"wp:term":[{"taxonomy":"product_cat","embeddable":true,"href":"https:\/\/ehstore.az\/ru\/wp-json\/wp\/v2\/product_cat?post=68322"},{"taxonomy":"product_tag","embeddable":true,"href":"https:\/\/ehstore.az\/ru\/wp-json\/wp\/v2\/product_tag?post=68322"}],"curies":[{"name":"wp","href":"https:\/\/api.w.org\/{rel}","templated":true}]}}