{"id":89504,"date":"2024-07-31T07:22:50","date_gmt":"2024-07-31T03:22:50","guid":{"rendered":"https:\/\/ehstore.az\/product\/schafer-rosa-ayak-pasta-tabagi-1prc-guldesen-1s637-30027-xxx03\/"},"modified":"2025-09-15T17:37:20","modified_gmt":"2025-09-15T13:37:20","slug":"schafer-rosa-ayak-pasta-tabagi-1prc-guldesen-1s637-30027-xxx03","status":"publish","type":"product","link":"https:\/\/ehstore.az\/ru\/product\/schafer-rosa-ayak-pasta-tabagi-1prc-guldesen-1s637-30027-xxx03\/","title":{"rendered":"SCHAFER ROSA AYAK.PASTA TABA\u011eI -1PR\u00c7-G\u00dcLDESEN 1S637-30027-XXX03"},"content":{"rendered":"","protected":false},"excerpt":{"rendered":"","protected":false},"featured_media":95420,"comment_status":"open","ping_status":"closed","template":"","meta":[],"product_cat":[3713],"product_tag":[],"class_list":{"0":"post-89504","1":"product","2":"type-product","3":"status-publish","4":"has-post-thumbnail","6":"product_cat-schafer-6","8":"first","9":"instock","10":"sale","11":"shipping-taxable","12":"purchasable","13":"product-type-simple"},"_links":{"self":[{"href":"https:\/\/ehstore.az\/ru\/wp-json\/wp\/v2\/product\/89504","targetHints":{"allow":["GET"]}}],"collection":[{"href":"https:\/\/ehstore.az\/ru\/wp-json\/wp\/v2\/product"}],"about":[{"href":"https:\/\/ehstore.az\/ru\/wp-json\/wp\/v2\/types\/product"}],"replies":[{"embeddable":true,"href":"https:\/\/ehstore.az\/ru\/wp-json\/wp\/v2\/comments?post=89504"}],"wp:featuredmedia":[{"embeddable":true,"href":"https:\/\/ehstore.az\/ru\/wp-json\/wp\/v2\/media\/95420"}],"wp:attachment":[{"href":"https:\/\/ehstore.az\/ru\/wp-json\/wp\/v2\/media?parent=89504"}],"wp:term":[{"taxonomy":"product_cat","embeddable":true,"href":"https:\/\/ehstore.az\/ru\/wp-json\/wp\/v2\/product_cat?post=89504"},{"taxonomy":"product_tag","embeddable":true,"href":"https:\/\/ehstore.az\/ru\/wp-json\/wp\/v2\/product_tag?post=89504"}],"curies":[{"name":"wp","href":"https:\/\/api.w.org\/{rel}","templated":true}]}}